{"id":1838,"date":"2019-04-06T17:28:58","date_gmt":"2019-04-06T20:28:58","guid":{"rendered":"https:\/\/anitta.com.br\/faclube\/"},"modified":"2026-05-11T10:04:05","modified_gmt":"2026-05-11T13:04:05","slug":"centraldefas","status":"publish","type":"page","link":"https:\/\/anitta.com.br\/es\/centraldefas\/","title":{"rendered":"Central de F\u00e3s"},"content":{"rendered":"<section class=\"l-section wpb_row us_custom_e7429297 height_small full_height valign_top width_full\"><div class=\"l-section-h i-cf\"><div class=\"g-cols vc_row via_grid cols_1-2-1 laptops-cols_inherit tablets-cols_inherit mobiles-cols_1 valign_top type_default stacking_default\"><div class=\"wpb_column vc_column_container\"><div class=\"vc_column-inner\"><\/div><\/div><div class=\"wpb_column vc_column_container type_sticky\"><div class=\"vc_column-inner\"><div class=\"w-vwrapper align_none valign_top\" style=\"--vwrapper-gap:0.7rem\"><div class=\"w-separator size_small\"><\/div><div class=\"w-image align_center\"><div class=\"w-image-h\"><img decoding=\"async\" width=\"598\" height=\"52\" src=\"https:\/\/anitta.com.br\/wp-content\/uploads\/2026\/05\/CENTRAL-DE-FANS.png\" class=\"attachment-full size-full\" alt=\"\" loading=\"lazy\" srcset=\"https:\/\/anitta.com.br\/wp-content\/uploads\/2026\/05\/CENTRAL-DE-FANS.png 598w, https:\/\/anitta.com.br\/wp-content\/uploads\/2026\/05\/CENTRAL-DE-FANS-300x26.png 300w\" sizes=\"auto, (max-width: 598px) 100vw, 598px\" \/><\/div><\/div><div class=\"w-image align_center\"><div class=\"w-image-h\"><img decoding=\"async\" width=\"239\" height=\"16\" src=\"https:\/\/anitta.com.br\/wp-content\/uploads\/2026\/05\/Vector-Smart-Object-copy.png\" class=\"attachment-full size-full\" alt=\"\" loading=\"lazy\" \/><\/div><\/div><\/div><div class=\"w-separator size_small\"><\/div><div class=\"g-cols wpb_row via_grid cols_3 laptops-cols_inherit tablets-cols_inherit mobiles-cols_1 valign_top type_default stacking_default\" style=\"--columns-gap:1.2rem;\"><div class=\"wpb_column vc_column_container us_custom_b3fbad93 has_bg_color\"><div class=\"vc_column-inner\"><div class=\"w-text us_custom_46669c44 has_text_color\"><span class=\"w-text-h\"><span class=\"w-text-value\">CENTRAL<br \/>\nQG DA ANITTA<\/span><\/span><\/div><div class=\"w-separator us_custom_8aec9cee has_text_color size_custom\" style=\"height:18px\"><\/div><div class=\"w-socials us_custom_f11e942c has_text_color color_text shape_none\" style=\"--gap:0.2em;\"><div class=\"w-socials-list\"><div class=\"w-socials-item twitter\"><a target=\"_blank\" rel=\"nofollow\" href=\"https:\/\/twitter.com\/qgdaanitta\" class=\"w-socials-item-link\" aria-label=\"X\"><span class=\"w-socials-item-link-hover\"><\/span><i class=\"fab fa-x-twitter\"><svg style=\"width:1em; margin-bottom:-.1em;\" xmlns=\"http:\/\/www.w3.org\/2000\/svg\" viewBox=\"0 0 512 512\" role=\"presentation\"><path fill=\"currentColor\" d=\"M389.2 48h70.6L305.6 224.2 487 464H345L233.7 318.6 106.5 464H35.8L200.7 275.5 26.8 48H172.4L272.9 180.9 389.2 48zM364.4 421.8h39.1L151.1 88h-42L364.4 421.8z\"\/><\/svg><\/i><\/a><div class=\"w-socials-item-popup\"><span>X<\/span><\/div><\/div><div class=\"w-socials-item facebook\"><a target=\"_blank\" rel=\"nofollow\" href=\"https:\/\/www.facebook.com\/qgexercitodaanitta\" class=\"w-socials-item-link\" aria-label=\"Facebook\"><span class=\"w-socials-item-link-hover\"><\/span><i class=\"fab fa-facebook\"><\/i><\/a><div class=\"w-socials-item-popup\"><span>Facebook<\/span><\/div><\/div><div class=\"w-socials-item instagram\"><a target=\"_blank\" rel=\"nofollow\" href=\"https:\/\/www.instagram.com\/qgdaanitta\" class=\"w-socials-item-link\" aria-label=\"Instagram\"><span class=\"w-socials-item-link-hover\"><\/span><i class=\"fab fa-instagram\"><\/i><\/a><div class=\"w-socials-item-popup\"><span>Instagram<\/span><\/div><\/div><div class=\"w-socials-item tiktok\"><a target=\"_blank\" href=\"https:\/\/www.tiktok.com\/@qgdaanitta\" class=\"w-socials-item-link\" aria-label=\"TikTok\"><span class=\"w-socials-item-link-hover\"><\/span><i class=\"fab fa-tiktok\"><\/i><\/a><div class=\"w-socials-item-popup\"><span>TikTok<\/span><\/div><\/div><\/div><\/div><div class=\"w-separator us_custom_8aec9cee has_text_color size_custom\" style=\"height:10px\"><\/div>[vc_custom_heading text=\u00bbPerfiles oficiales actualizados por el equipo de la cantante.\u00bb font_container=\u00bbtag:div|font_size:12px|text_align:center|color:%230a0a0a\u00bb google_fonts=\u00bbfont_family:Open%20Sans%3A300%2C300italic%2Cregular%2Citalic%2C600%2C600italic%2C700%2C700italic%2C800%2C800italic|font_style:300%20light%20regular%3A300%3Anormal\u00bb css=\u00bb%7B%22default%22%3A%7B%22font-size%22%3A%2212px%22%2C%22line-height%22%3A%2213px%22%7D%2C%22laptops%22%3A%7B%22font-size%22%3A%22%22%2C%22line-height%22%3A%22%22%7D%2C%22tablets%22%3A%7B%22font-size%22%3A%2212px%22%2C%22line-height%22%3A%22%22%7D%2C%22mobiles%22%3A%7B%22font-size%22%3A%2212px%22%2C%22line-height%22%3A%22%22%7D%7D\u00bb el_id=\u00bbDESKTOP E TABLET\u00bb el_class=\u00bbvc_hidden-xs\u00bb]<\/div><\/div><div class=\"wpb_column vc_column_container us_custom_b3fbad93 has_bg_color\"><div class=\"vc_column-inner\"><div class=\"w-text us_custom_92407ee9 has_text_color\"><span class=\"w-text-h\"><span class=\"w-text-value\">E-MAIL<\/span><\/span><\/div><div class=\"w-separator us_custom_8aec9cee has_text_color size_custom\" style=\"height:18px\"><\/div>[vc_custom_heading text=\u00bbfc@anittaoficial.com\u00bb font_container=\u00bbtag:div|text_align:center|color:%23111111&#8243; google_fonts=\u00bbfont_family:Open%20Sans%3A300%2C300italic%2Cregular%2Citalic%2C600%2C600italic%2C700%2C700italic%2C800%2C800italic|font_style:300%20light%20regular%3A300%3Anormal\u00bb css=\u00bb%7B%22default%22%3A%7B%22color%22%3A%22_header_middle_text%22%2C%22font-size%22%3A%2215px%22%2C%22line-height%22%3A%2217px%22%2C%22font-weight%22%3A%22400%22%7D%7D\u00bb link=\u00bburl:mailto%3Afc%40anittaoficial.com|||\u00bb]<\/div><\/div><div class=\"wpb_column vc_column_container us_custom_b3fbad93 has_bg_color\"><div class=\"vc_column-inner\"><div class=\"w-text us_custom_92407ee9 has_text_color\"><span class=\"w-text-h\"><span class=\"w-text-value\">CORREO<\/span><\/span><\/div><div class=\"w-separator us_custom_8aec9cee has_text_color size_custom\" style=\"height:18px\"><\/div>[vc_custom_heading text=\u00bb37537 &#8211; Barra Shopping<br \/>\nCEP: 22640-970<br \/>\nBeneficiario: Rodamoinho\u00bb font_container=\u00bbtag:p|text_align:center|color:%230a0a0a\u00bb google_fonts=\u00bbfont_family:Open%20Sans%3A300%2C300italic%2Cregular%2Citalic%2C600%2C600italic%2C700%2C700italic%2C800%2C800italic|font_style:600%20bold%20regular%3A600%3Anormal\u00bb css=\u00bb%7B%22default%22%3A%7B%22color%22%3A%22%23000000%22%2C%22font-size%22%3A%2215px%22%2C%22line-height%22%3A%2219px%22%2C%22font-weight%22%3A%22400%22%7D%7D\u00bb]<\/div><\/div><\/div><div class=\"w-separator size_custom\" style=\"height:10px\"><\/div><div class=\"w-vwrapper align_center valign_top us_custom_14689d2f has_text_color\" style=\"--vwrapper-gap:0.7rem\">[vc_custom_heading text=\u00bbRELLENA EL FORMULARIO PARA ENVIAR UN MENSAJE\u00bb font_container=\u00bbtag:div|font_size:12px|text_align:center|color:%230a0a0a\u00bb google_fonts=\u00bbfont_family:Open%20Sans%3A300%2C300italic%2Cregular%2Citalic%2C600%2C600italic%2C700%2C700italic%2C800%2C800italic|font_style:300%20light%20regular%3A300%3Anormal\u00bb css=\u00bb%7B%22default%22%3A%7B%22text-align%22%3A%22center%22%2C%22font-size%22%3A%2212px%22%2C%22line-height%22%3A%2213px%22%2C%22font-weight%22%3A%22700%22%7D%2C%22laptops%22%3A%7B%22text-align%22%3A%22center%22%2C%22font-size%22%3A%22%22%2C%22line-height%22%3A%22%22%2C%22font-weight%22%3A%22700%22%7D%2C%22tablets%22%3A%7B%22text-align%22%3A%22center%22%2C%22font-size%22%3A%2212px%22%2C%22line-height%22%3A%22%22%2C%22font-weight%22%3A%22700%22%7D%2C%22mobiles%22%3A%7B%22text-align%22%3A%22center%22%2C%22font-size%22%3A%2212px%22%2C%22line-height%22%3A%22%22%2C%22font-weight%22%3A%22700%22%7D%7D\u00bb el_class=\u00bbvc_hidden-xs\u00bb]<form class=\"w-form  us-field-style_1 us_custom_2b109027 has_text_color layout_ver show_message_after_sending for_cform us_form_1\" action=\"https:\/\/anitta.com.br\/es\/wp-json\/wp\/v2\/pages\/1838\" method=\"post\" style=\"--fields-gap:0.5rem\"><div class=\"w-form-h\"><div class=\"w-form-row for_text required with_icon cols_2\">\r\n\t\t<div class=\"w-form-row-field\">\r\n\t\t\t\t<i class=\"fas fa-user\"><\/i>\t\t<input aria-label=\"NOME\" type=\"text\" name=\"us_form_1_text_1\" value placeholder=\"NOME *\" data-required=\"true\" aria-required=\"true\"\/>\r\n\t\t\t<\/div>\r\n\t\t<div class=\"w-form-row-state\">Rellena este campo<\/div>\r\n<\/div>\r\n<div class=\"w-form-row for_text required with_icon cols_2\">\r\n\t\t<div class=\"w-form-row-field\">\r\n\t\t\t\t<i class=\"fas fa-phone\"><\/i>\t\t<input aria-label=\"TEL\u00c9FONO\" type=\"text\" name=\"us_form_1_text_2\" value placeholder=\"TEL\u00c9FONO *\" data-required=\"true\" aria-required=\"true\"\/>\r\n\t\t\t<\/div>\r\n\t\t<div class=\"w-form-row-state\">Rellena este campo<\/div>\r\n<\/div>\r\n<div class=\"w-form-row for_email required with_icon\">\r\n\t\t<div class=\"w-form-row-field\">\r\n\t\t\t\t<i class=\"fas fa-envelope\"><\/i>\t\t<input aria-label=\"E-MAIL\" type=\"email\" name=\"us_form_1_email_1\" value placeholder=\"E-MAIL *\" data-required=\"true\" aria-required=\"true\"\/>\r\n\t\t\t<\/div>\r\n\t\t<div class=\"w-form-row-state\">Por favor, introduce una direcci\u00f3n de correo electr\u00f3nico v\u00e1lida.<\/div>\r\n<\/div>\r\n<div class=\"w-form-row for_textarea required with_icon\">\r\n\t\t<div class=\"w-form-row-field\">\r\n\t\t\t\t<i class=\"fas fa-pencil\"><\/i>\t\t<textarea aria-label=\"MENSAJE\" name=\"us_form_1_textarea_1\" placeholder=\"MENSAJE *\" data-required=\"true\" aria-required=\"true\"><\/textarea>\r\n\t\t\t<\/div>\r\n\t\t<div class=\"w-form-row-state\">Rellena este campo<\/div>\r\n<\/div>\r\n<div class=\"w-form-row for_captcha required with_icon\">\r\n\t<div class=\"w-form-row-label\">\r\n\t\t<span> <span>19 + 9 = ?<\/span><\/span>\r\n\t<\/div>\r\n\t<div class=\"w-form-row-field\">\r\n\t\t\t\t<input type=\"hidden\" name=\"us_form_1_captcha_1_hash\" value=\"052b87dad31f7d62ac254c4fc05e4baa\" \/>\r\n\t\t<i class=\"fas fa-question-circle\"><\/i>\t\t<input aria-label=\"us_form_1_captcha_1\" type=\"text\" name=\"us_form_1_captcha_1\" placeholder data-required=\"true\" aria-required=\"true\"\/>\r\n\t\t\t<\/div>\r\n\t\t\t<div class=\"w-form-row-description\">\r\n\t\t\tDEMUESTRA QUE ERES HUMANO. RESUELVE LA ECUACI\u00d3N:\t\t<\/div>\r\n\t\t<div class=\"w-form-row-state\">Escriba el resultado de la operaci\u00f3n para continuar<\/div>\r\n<\/div>\r\n<input type=\"hidden\" name=\"action\" value=\"us_ajax_cform\" \/>\r\n<input type=\"hidden\" name=\"post_id\" value=\"0\" \/>\r\n<input type=\"hidden\" name=\"form_index\" value=\"1\" \/>\r\n<div class=\"w-form-row for_submit align_none\"><button class=\"w-btn us-btn-style_1\" type=\"submit\" aria-label=\"MENSAJE DE IAR\"><span class=\"g-preloader type_1\"><\/span><span class=\"w-btn-label\">MENSAJE DE IAR<\/span><\/button><\/div><\/div><div class=\"w-form-message\"><\/div><div class=\"w-form-json hidden\" onclick='return {&quot;ajaxurl&quot;:&quot;https:\\\/\\\/anitta.com.br\\\/wp-admin\\\/admin-ajax.php&quot;,&quot;messages&quot;:{&quot;err_empty&quot;:&quot;Rellena este campo&quot;,&quot;err_size&quot;:&quot;El tama\\u00f1o del archivo no puede exceder %s MB&quot;,&quot;err_extension&quot;:&quot;El tipo de archivo %s no est\\u00e1 permitido&quot;,&quot;err_recaptcha_keys&quot;:&quot;Las claves de reCAPTCHA son incorrectas&quot;}}'><\/div><\/form><div class=\"w-separator size_small\"><\/div><\/div><div class=\"w-separator size_small\"><\/div><\/div><\/div><div class=\"wpb_column vc_column_container\"><div class=\"vc_column-inner\"><\/div><\/div><\/div><\/div><\/section>\n","protected":false},"excerpt":{"rendered":"CENTRAL QG DA ANITTAXFacebookInstagramTikTok[vc_custom_heading text=\"Perfiles oficiales actualizados por el equipo de la cantante.\" font_container=\"tag:div|font_size:12px|text_align:center|color:%230a0a0a\" google_fonts=\"font_family:Open%20Sans%3A300%2C300italic%2Cregular%2Citalic%2C600%2C600italic%2C700%2C700italic%2C800%2C800italic|font_style:300%20light%20regular%3A300%3Anormal\" css=\"%7B%22default%22%3A%7B%22font-size%22%3A%2212px%22%2C%22line-height%22%3A%2213px%22%7D%2C%22laptops%22%3A%7B%22font-size%22%3A%22%22%2C%22line-height%22%3A%22%22%7D%2C%22tablets%22%3A%7B%22font-size%22%3A%2212px%22%2C%22line-height%22%3A%22%22%7D%2C%22mobiles%22%3A%7B%22font-size%22%3A%2212px%22%2C%22line-height%22%3A%22%22%7D%7D\" el_id=\"DESKTOP E TABLET\" el_class=\"vc_hidden-xs\"]E-MAIL[vc_custom_heading text=\"fc@anittaoficial.com\" font_container=\"tag:div|text_align:center|color:%23111111\" google_fonts=\"font_family:Open%20Sans%3A300%2C300italic%2Cregular%2Citalic%2C600%2C600italic%2C700%2C700italic%2C800%2C800italic|font_style:300%20light%20regular%3A300%3Anormal\" css=\"%7B%22default%22%3A%7B%22color%22%3A%22_header_middle_text%22%2C%22font-size%22%3A%2215px%22%2C%22line-height%22%3A%2217px%22%2C%22font-weight%22%3A%22400%22%7D%7D\" link=\"url:mailto%3Afc%40anittaoficial.com|||\"]CORREO[vc_custom_heading text=\"37537 - Barra Shopping CEP: 22640-970 Beneficiario: Rodamoinho\" font_container=\"tag:p|text_align:center|color:%230a0a0a\" google_fonts=\"font_family:Open%20Sans%3A300%2C300italic%2Cregular%2Citalic%2C600%2C600italic%2C700%2C700italic%2C800%2C800italic|font_style:600%20bold%20regular%3A600%3Anormal\" css=\"%7B%22default%22%3A%7B%22color%22%3A%22%23000000%22%2C%22font-size%22%3A%2215px%22%2C%22line-height%22%3A%2219px%22%2C%22font-weight%22%3A%22400%22%7D%7D\"][vc_custom_heading text=\"RELLENA EL FORMULARIO PARA ENVIAR UN MENSAJE\" font_container=\"tag:div|font_size:12px|text_align:center|color:%230a0a0a\" google_fonts=\"font_family:Open%20Sans%3A300%2C300italic%2Cregular%2Citalic%2C600%2C600italic%2C700%2C700italic%2C800%2C800italic|font_style:300%20light%20regular%3A300%3Anormal\" css=\"%7B%22default%22%3A%7B%22text-align%22%3A%22center%22%2C%22font-size%22%3A%2212px%22%2C%22line-height%22%3A%2213px%22%2C%22font-weight%22%3A%22700%22%7D%2C%22laptops%22%3A%7B%22text-align%22%3A%22center%22%2C%22font-size%22%3A%22%22%2C%22line-height%22%3A%22%22%2C%22font-weight%22%3A%22700%22%7D%2C%22tablets%22%3A%7B%22text-align%22%3A%22center%22%2C%22font-size%22%3A%2212px%22%2C%22line-height%22%3A%22%22%2C%22font-weight%22%3A%22700%22%7D%2C%22mobiles%22%3A%7B%22text-align%22%3A%22center%22%2C%22font-size%22%3A%2212px%22%2C%22line-height%22%3A%22%22%2C%22font-weight%22%3A%22700%22%7D%7D\" el_class=\"vc_hidden-xs\"] Rellena este campo Rellena este campo Por favor,...","protected":false},"author":3,"featured_media":0,"parent":0,"menu_order":5,"comment_status":"closed","ping_status":"closed","template":"","meta":{"_acf_changed":false,"footnotes":""},"class_list":["post-1838","page","type-page","status-publish","hentry"],"acf":[],"yoast_head":"<!-- This site is optimized with the Yoast SEO plugin v27.6 - https:\/\/yoast.com\/product\/yoast-seo-wordpress\/ -->\n<title>Central de F\u00e3s - Anitta<\/title>\n<meta name=\"robots\" content=\"index, follow, max-snippet:-1, max-image-preview:large, max-video-preview:-1\" \/>\n<link rel=\"canonical\" href=\"https:\/\/anitta.com.br\/es\/centraldefas\/\" \/>\n<meta property=\"og:locale\" content=\"es_ES\" \/>\n<meta property=\"og:type\" content=\"article\" \/>\n<meta property=\"og:title\" content=\"Central de F\u00e3s - Anitta\" \/>\n<meta property=\"og:url\" content=\"https:\/\/anitta.com.br\/es\/centraldefas\/\" \/>\n<meta property=\"og:site_name\" content=\"Anitta\" \/>\n<meta property=\"article:modified_time\" content=\"2026-05-11T13:04:05+00:00\" \/>\n<meta name=\"twitter:card\" content=\"summary_large_image\" \/>\n<meta name=\"twitter:label1\" content=\"Tiempo de lectura\" \/>\n\t<meta name=\"twitter:data1\" content=\"1 minuto\" \/>\n<script type=\"application\/ld+json\" class=\"yoast-schema-graph\">{\"@context\":\"https:\\\/\\\/schema.org\",\"@graph\":[{\"@type\":\"WebPage\",\"@id\":\"https:\\\/\\\/anitta.com.br\\\/es\\\/centraldefas\\\/\",\"url\":\"https:\\\/\\\/anitta.com.br\\\/es\\\/centraldefas\\\/\",\"name\":\"Central de F\u00e3s - Anitta\",\"isPartOf\":{\"@id\":\"https:\\\/\\\/anitta.com.br\\\/en\\\/#website\"},\"datePublished\":\"2019-04-06T20:28:58+00:00\",\"dateModified\":\"2026-05-11T13:04:05+00:00\",\"breadcrumb\":{\"@id\":\"https:\\\/\\\/anitta.com.br\\\/es\\\/centraldefas\\\/#breadcrumb\"},\"inLanguage\":\"es\",\"potentialAction\":[{\"@type\":\"ReadAction\",\"target\":[\"https:\\\/\\\/anitta.com.br\\\/es\\\/centraldefas\\\/\"]}]},{\"@type\":\"BreadcrumbList\",\"@id\":\"https:\\\/\\\/anitta.com.br\\\/es\\\/centraldefas\\\/#breadcrumb\",\"itemListElement\":[{\"@type\":\"ListItem\",\"position\":1,\"name\":\"In\u00edcio\",\"item\":\"https:\\\/\\\/anitta.com.br\\\/es\\\/\"},{\"@type\":\"ListItem\",\"position\":2,\"name\":\"Central de F\u00e3s\"}]},{\"@type\":\"WebSite\",\"@id\":\"https:\\\/\\\/anitta.com.br\\\/en\\\/#website\",\"url\":\"https:\\\/\\\/anitta.com.br\\\/en\\\/\",\"name\":\"Anitta\",\"description\":\"Site Oficial\",\"potentialAction\":[{\"@type\":\"SearchAction\",\"target\":{\"@type\":\"EntryPoint\",\"urlTemplate\":\"https:\\\/\\\/anitta.com.br\\\/en\\\/?s={search_term_string}\"},\"query-input\":{\"@type\":\"PropertyValueSpecification\",\"valueRequired\":true,\"valueName\":\"search_term_string\"}}],\"inLanguage\":\"es\"}]}<\/script>\n<!-- \/ Yoast SEO plugin. -->","yoast_head_json":{"title":"Central de F\u00e3s - Anitta","robots":{"index":"index","follow":"follow","max-snippet":"max-snippet:-1","max-image-preview":"max-image-preview:large","max-video-preview":"max-video-preview:-1"},"canonical":"https:\/\/anitta.com.br\/es\/centraldefas\/","og_locale":"es_ES","og_type":"article","og_title":"Central de F\u00e3s - Anitta","og_url":"https:\/\/anitta.com.br\/es\/centraldefas\/","og_site_name":"Anitta","article_modified_time":"2026-05-11T13:04:05+00:00","twitter_card":"summary_large_image","twitter_misc":{"Tiempo de lectura":"1 minuto"},"schema":{"@context":"https:\/\/schema.org","@graph":[{"@type":"WebPage","@id":"https:\/\/anitta.com.br\/es\/centraldefas\/","url":"https:\/\/anitta.com.br\/es\/centraldefas\/","name":"Central de F\u00e3s - Anitta","isPartOf":{"@id":"https:\/\/anitta.com.br\/en\/#website"},"datePublished":"2019-04-06T20:28:58+00:00","dateModified":"2026-05-11T13:04:05+00:00","breadcrumb":{"@id":"https:\/\/anitta.com.br\/es\/centraldefas\/#breadcrumb"},"inLanguage":"es","potentialAction":[{"@type":"ReadAction","target":["https:\/\/anitta.com.br\/es\/centraldefas\/"]}]},{"@type":"BreadcrumbList","@id":"https:\/\/anitta.com.br\/es\/centraldefas\/#breadcrumb","itemListElement":[{"@type":"ListItem","position":1,"name":"In\u00edcio","item":"https:\/\/anitta.com.br\/es\/"},{"@type":"ListItem","position":2,"name":"Central de F\u00e3s"}]},{"@type":"WebSite","@id":"https:\/\/anitta.com.br\/en\/#website","url":"https:\/\/anitta.com.br\/en\/","name":"Anitta","description":"Site Oficial","potentialAction":[{"@type":"SearchAction","target":{"@type":"EntryPoint","urlTemplate":"https:\/\/anitta.com.br\/en\/?s={search_term_string}"},"query-input":{"@type":"PropertyValueSpecification","valueRequired":true,"valueName":"search_term_string"}}],"inLanguage":"es"}]}},"_links":{"self":[{"href":"https:\/\/anitta.com.br\/es\/wp-json\/wp\/v2\/pages\/1838","targetHints":{"allow":["GET"]}}],"collection":[{"href":"https:\/\/anitta.com.br\/es\/wp-json\/wp\/v2\/pages"}],"about":[{"href":"https:\/\/anitta.com.br\/es\/wp-json\/wp\/v2\/types\/page"}],"author":[{"embeddable":true,"href":"https:\/\/anitta.com.br\/es\/wp-json\/wp\/v2\/users\/3"}],"replies":[{"embeddable":true,"href":"https:\/\/anitta.com.br\/es\/wp-json\/wp\/v2\/comments?post=1838"}],"version-history":[{"count":13,"href":"https:\/\/anitta.com.br\/es\/wp-json\/wp\/v2\/pages\/1838\/revisions"}],"predecessor-version":[{"id":4935,"href":"https:\/\/anitta.com.br\/es\/wp-json\/wp\/v2\/pages\/1838\/revisions\/4935"}],"wp:attachment":[{"href":"https:\/\/anitta.com.br\/es\/wp-json\/wp\/v2\/media?parent=1838"}],"curies":[{"name":"wp","href":"https:\/\/api.w.org\/{rel}","templated":true}]}}