{"id":1847,"date":"2019-04-01T21:28:41","date_gmt":"2019-04-01T21:28:41","guid":{"rendered":"https:\/\/anitta.com.br\/musicas\/"},"modified":"2026-05-09T00:03:19","modified_gmt":"2026-05-09T03:03:19","slug":"musicas","status":"publish","type":"page","link":"https:\/\/anitta.com.br\/es\/musicas\/","title":{"rendered":"M\u00fasicas"},"content":{"rendered":"<section class=\"l-section wpb_row us_custom_f610c166 height_custom width_full\"><div class=\"l-section-h i-cf\"><div class=\"g-cols vc_row via_grid cols_1 laptops-cols_inherit tablets-cols_inherit mobiles-cols_1 valign_top type_default stacking_default\"><div class=\"wpb_column vc_column_container\"><div class=\"vc_column-inner\"><div class=\"g-cols wpb_row via_grid cols_1-2-1 laptops-cols_inherit tablets-cols_inherit mobiles-cols_1 valign_top type_default stacking_default\" style=\"--columns-gap:0.8rem;\"><div class=\"wpb_column vc_column_container\"><div class=\"vc_column-inner\"><\/div><\/div><div class=\"wpb_column vc_column_container\"><div class=\"vc_column-inner\"><div class=\"w-vwrapper align_none valign_top\" style=\"--vwrapper-gap:0.7rem\"><div class=\"w-separator size_small\"><\/div><div class=\"w-image align_center\"><div class=\"w-image-h\"><img decoding=\"async\" width=\"350\" height=\"45\" src=\"https:\/\/anitta.com.br\/wp-content\/uploads\/2026\/05\/CANCIONES.png\" class=\"attachment-full size-full\" alt=\"\" loading=\"lazy\" srcset=\"https:\/\/anitta.com.br\/wp-content\/uploads\/2026\/05\/CANCIONES.png 350w, https:\/\/anitta.com.br\/wp-content\/uploads\/2026\/05\/CANCIONES-300x39.png 300w\" sizes=\"auto, (max-width: 350px) 100vw, 350px\" \/><\/div><\/div><div class=\"w-image align_center\"><div class=\"w-image-h\"><img decoding=\"async\" width=\"239\" height=\"16\" src=\"https:\/\/anitta.com.br\/wp-content\/uploads\/2026\/05\/Vector-Smart-Object-copy.png\" class=\"attachment-full size-full\" alt=\"\" loading=\"lazy\" \/><\/div><\/div><\/div><div class=\"w-separator hide_on_mobiles size_small\"><\/div><\/div><\/div><div class=\"wpb_column vc_column_container\"><div class=\"vc_column-inner\"><\/div><\/div><\/div><div class=\"g-cols wpb_row via_grid cols_1 laptops-cols_inherit tablets-cols_inherit mobiles-cols_1 valign_top type_default stacking_default\" style=\"--columns-gap:3rem;\"><div class=\"wpb_column vc_column_container\"><div class=\"vc_column-inner\"><div class=\"w-image banner-full align_none\"><div class=\"w-image-h\"><img decoding=\"async\" width=\"1708\" height=\"438\" src=\"https:\/\/anitta.com.br\/wp-content\/uploads\/2026\/05\/CAPAS1.png\" class=\"attachment-full size-full\" alt=\"\" loading=\"lazy\" srcset=\"https:\/\/anitta.com.br\/wp-content\/uploads\/2026\/05\/CAPAS1.png 1708w, https:\/\/anitta.com.br\/wp-content\/uploads\/2026\/05\/CAPAS1-300x77.png 300w, https:\/\/anitta.com.br\/wp-content\/uploads\/2026\/05\/CAPAS1-1024x263.png 1024w\" sizes=\"auto, (max-width: 1708px) 100vw, 1708px\" \/><\/div><\/div><\/div><\/div><\/div><div class=\"g-cols wpb_row via_grid cols_1-2-1 laptops-cols_inherit tablets-cols_inherit mobiles-cols_1 valign_top type_default stacking_default\" style=\"--columns-gap:3rem;\"><div class=\"wpb_column vc_column_container\"><div class=\"vc_column-inner\"><\/div><\/div><div class=\"wpb_column vc_column_container\"><div class=\"vc_column-inner\"><div class=\"w-separator size_small\"><\/div><div class=\"w-vwrapper align_none valign_top\" style=\"--vwrapper-gap:0.7rem\"><div class=\"wpb_text_column us_custom_3d6a5595\"><div class=\"wpb_wrapper\"><p><span style=\"color: #ff0000;\">I.<\/span> Desgra\u00e7a <span style=\"color: #ff0000;\">II.<\/span> Mandinga &amp; Marina Sena <span style=\"color: #ff0000;\">III.<\/span> Caminhador &amp; Liniker <span style=\"color: #ff0000;\">IV.<\/span> Bemba &amp; Luedji Luna <span style=\"color: #ff0000;\">V.<\/span> Ternura &amp; Melly <span style=\"color: #ff0000;\">VI.<\/span> Deus Existe &amp; Ponto de Equil\u00edbrio <span style=\"color: #ff0000;\">VII.<\/span> Caso de Amor &amp; Os Garotin <span style=\"color: #ff0000;\">VIII.<\/span> varias quejas <span style=\"color: #ff0000;\">IX.<\/span> So Much Love <span style=\"color: #ff0000;\">X.<\/span> Pinterest <span style=\"color: #ff0000;\">XI.<\/span> Nan\u00e3 &amp; Rincon Sapi\u00eancia e King Saints <span style=\"color: #ff0000;\">XII.<\/span> Vai Dar Ca\u00f4 &amp; Ebony e Papatinho <span style=\"color: #ff0000;\">XIII.<\/span> Choka Choka &amp; Shakira <span style=\"color: #ff0000;\">XIV.<\/span> Meia-Noite &amp; Los Brasileros <span style=\"color: #ff0000;\">XV.<\/span> Ouro &amp; Emanazul<\/p>\n<\/div><\/div><\/div><\/div><\/div><div class=\"wpb_column vc_column_container\"><div class=\"vc_column-inner\"><\/div><\/div><\/div><\/div><\/div><\/div><\/div><\/section>\n","protected":false},"excerpt":{"rendered":"I. Desgra\u00e7a II. Mandinga &amp; Marina Sena III. Caminhador &amp; Liniker IV. Bemba &amp; Luedji Luna V. Ternura &amp; Melly VI. Deus Existe &amp; Ponto de Equil\u00edbrio VII. Caso de Amor &amp; Os Garotin VIII. varias quejas IX. So Much Love X. Pinterest XI. Nan\u00e3 &amp; Rincon Sapi\u00eancia e King Saints XII. Vai Dar Ca\u00f4...","protected":false},"author":3,"featured_media":0,"parent":0,"menu_order":2,"comment_status":"closed","ping_status":"closed","template":"","meta":{"_acf_changed":false,"footnotes":""},"class_list":["post-1847","page","type-page","status-publish","hentry"],"acf":[],"yoast_head":"<!-- This site is optimized with the Yoast SEO plugin v27.6 - https:\/\/yoast.com\/product\/yoast-seo-wordpress\/ -->\n<title>M\u00fasicas - Anitta<\/title>\n<meta name=\"robots\" content=\"index, follow, max-snippet:-1, max-image-preview:large, max-video-preview:-1\" \/>\n<link rel=\"canonical\" href=\"https:\/\/anitta.com.br\/es\/musicas\/\" \/>\n<meta property=\"og:locale\" content=\"es_ES\" \/>\n<meta property=\"og:type\" content=\"article\" \/>\n<meta property=\"og:title\" content=\"M\u00fasicas - Anitta\" \/>\n<meta property=\"og:url\" content=\"https:\/\/anitta.com.br\/es\/musicas\/\" \/>\n<meta property=\"og:site_name\" content=\"Anitta\" \/>\n<meta property=\"article:modified_time\" content=\"2026-05-09T03:03:19+00:00\" \/>\n<meta name=\"twitter:card\" content=\"summary_large_image\" \/>\n<meta name=\"twitter:label1\" content=\"Tiempo de lectura\" \/>\n\t<meta name=\"twitter:data1\" content=\"1 minuto\" \/>\n<script type=\"application\/ld+json\" class=\"yoast-schema-graph\">{\"@context\":\"https:\\\/\\\/schema.org\",\"@graph\":[{\"@type\":\"WebPage\",\"@id\":\"https:\\\/\\\/anitta.com.br\\\/es\\\/musicas\\\/\",\"url\":\"https:\\\/\\\/anitta.com.br\\\/es\\\/musicas\\\/\",\"name\":\"M\u00fasicas - Anitta\",\"isPartOf\":{\"@id\":\"https:\\\/\\\/anitta.com.br\\\/en\\\/#website\"},\"datePublished\":\"2019-04-01T21:28:41+00:00\",\"dateModified\":\"2026-05-09T03:03:19+00:00\",\"breadcrumb\":{\"@id\":\"https:\\\/\\\/anitta.com.br\\\/es\\\/musicas\\\/#breadcrumb\"},\"inLanguage\":\"es\",\"potentialAction\":[{\"@type\":\"ReadAction\",\"target\":[\"https:\\\/\\\/anitta.com.br\\\/es\\\/musicas\\\/\"]}]},{\"@type\":\"BreadcrumbList\",\"@id\":\"https:\\\/\\\/anitta.com.br\\\/es\\\/musicas\\\/#breadcrumb\",\"itemListElement\":[{\"@type\":\"ListItem\",\"position\":1,\"name\":\"In\u00edcio\",\"item\":\"https:\\\/\\\/anitta.com.br\\\/es\\\/\"},{\"@type\":\"ListItem\",\"position\":2,\"name\":\"M\u00fasicas\"}]},{\"@type\":\"WebSite\",\"@id\":\"https:\\\/\\\/anitta.com.br\\\/en\\\/#website\",\"url\":\"https:\\\/\\\/anitta.com.br\\\/en\\\/\",\"name\":\"Anitta\",\"description\":\"Site Oficial\",\"potentialAction\":[{\"@type\":\"SearchAction\",\"target\":{\"@type\":\"EntryPoint\",\"urlTemplate\":\"https:\\\/\\\/anitta.com.br\\\/en\\\/?s={search_term_string}\"},\"query-input\":{\"@type\":\"PropertyValueSpecification\",\"valueRequired\":true,\"valueName\":\"search_term_string\"}}],\"inLanguage\":\"es\"}]}<\/script>\n<!-- \/ Yoast SEO plugin. -->","yoast_head_json":{"title":"M\u00fasicas - Anitta","robots":{"index":"index","follow":"follow","max-snippet":"max-snippet:-1","max-image-preview":"max-image-preview:large","max-video-preview":"max-video-preview:-1"},"canonical":"https:\/\/anitta.com.br\/es\/musicas\/","og_locale":"es_ES","og_type":"article","og_title":"M\u00fasicas - Anitta","og_url":"https:\/\/anitta.com.br\/es\/musicas\/","og_site_name":"Anitta","article_modified_time":"2026-05-09T03:03:19+00:00","twitter_card":"summary_large_image","twitter_misc":{"Tiempo de lectura":"1 minuto"},"schema":{"@context":"https:\/\/schema.org","@graph":[{"@type":"WebPage","@id":"https:\/\/anitta.com.br\/es\/musicas\/","url":"https:\/\/anitta.com.br\/es\/musicas\/","name":"M\u00fasicas - Anitta","isPartOf":{"@id":"https:\/\/anitta.com.br\/en\/#website"},"datePublished":"2019-04-01T21:28:41+00:00","dateModified":"2026-05-09T03:03:19+00:00","breadcrumb":{"@id":"https:\/\/anitta.com.br\/es\/musicas\/#breadcrumb"},"inLanguage":"es","potentialAction":[{"@type":"ReadAction","target":["https:\/\/anitta.com.br\/es\/musicas\/"]}]},{"@type":"BreadcrumbList","@id":"https:\/\/anitta.com.br\/es\/musicas\/#breadcrumb","itemListElement":[{"@type":"ListItem","position":1,"name":"In\u00edcio","item":"https:\/\/anitta.com.br\/es\/"},{"@type":"ListItem","position":2,"name":"M\u00fasicas"}]},{"@type":"WebSite","@id":"https:\/\/anitta.com.br\/en\/#website","url":"https:\/\/anitta.com.br\/en\/","name":"Anitta","description":"Site Oficial","potentialAction":[{"@type":"SearchAction","target":{"@type":"EntryPoint","urlTemplate":"https:\/\/anitta.com.br\/en\/?s={search_term_string}"},"query-input":{"@type":"PropertyValueSpecification","valueRequired":true,"valueName":"search_term_string"}}],"inLanguage":"es"}]}},"_links":{"self":[{"href":"https:\/\/anitta.com.br\/es\/wp-json\/wp\/v2\/pages\/1847","targetHints":{"allow":["GET"]}}],"collection":[{"href":"https:\/\/anitta.com.br\/es\/wp-json\/wp\/v2\/pages"}],"about":[{"href":"https:\/\/anitta.com.br\/es\/wp-json\/wp\/v2\/types\/page"}],"author":[{"embeddable":true,"href":"https:\/\/anitta.com.br\/es\/wp-json\/wp\/v2\/users\/3"}],"replies":[{"embeddable":true,"href":"https:\/\/anitta.com.br\/es\/wp-json\/wp\/v2\/comments?post=1847"}],"version-history":[{"count":5,"href":"https:\/\/anitta.com.br\/es\/wp-json\/wp\/v2\/pages\/1847\/revisions"}],"predecessor-version":[{"id":4858,"href":"https:\/\/anitta.com.br\/es\/wp-json\/wp\/v2\/pages\/1847\/revisions\/4858"}],"wp:attachment":[{"href":"https:\/\/anitta.com.br\/es\/wp-json\/wp\/v2\/media?parent=1847"}],"curies":[{"name":"wp","href":"https:\/\/api.w.org\/{rel}","templated":true}]}}